{"id":4306,"date":"2015-06-21T19:54:58","date_gmt":"2015-06-21T17:54:58","guid":{"rendered":"http:\/\/www.malinkarlsson.com\/develop1\/?page_id=4306"},"modified":"2025-07-25T14:12:10","modified_gmt":"2025-07-25T12:12:10","slug":"drink","status":"publish","type":"page","link":"https:\/\/svejk.se\/en\/drink\/","title":{"rendered":"Drink"},"content":{"rendered":"<h2><\/h2>\n<table>\n<tbody>\n<tr>\n<td>\n<h2>CZECH BEER ON TAP<\/h2>\n<\/td>\n<td><em>0,5l<\/em><\/td>\n<\/tr>\n<tr>\n<td>Bernard <em>light, unpasteurised<br \/>\n<\/em><\/td>\n<td>94<\/td>\n<\/tr>\n<tr>\n<td>Bernard <em>dark, unpasteurised<br \/>\n<\/em><\/td>\n<td>94<\/td>\n<\/tr>\n<tr>\n<td>Prim\u00e1tor <em>semi-dark<br \/>\n<\/em><\/td>\n<td>94<\/td>\n<\/tr>\n<tr>\n<td>Prim\u00e1tor <em>light, unfiltered<\/em><\/td>\n<td>94<\/td>\n<\/tr>\n<tr>\n<td>Svijansk\u00fd Ryt\u00ed\u0159 <em>light, unpasteurised<br \/>\n<\/em><\/td>\n<td>96<\/td>\n<\/tr>\n<tr>\n<td>Pilsner Urquell <em>unpasteurised, unfiltered<\/em><\/td>\n<td>96<\/td>\n<\/tr>\n<tr>\n<td>Gambrinus <em>light, unpasteurised<\/em><\/td>\n<td>94<\/td>\n<\/tr>\n<\/tbody>\n<\/table>\n<table style=\"height: 172px; width: 376px;\">\n<tbody>\n<tr>\n<td style=\"width: 345.03125px;\">\n<h2>BOTTLED BEER<\/h2>\n<\/td>\n<td style=\"width: 22.984375px;\"><\/td>\n<\/tr>\n<tr>\n<td style=\"width: 345.03125px;\">Non-alcoholic beer <em>33cl<\/em><\/td>\n<td style=\"width: 22.984375px;\">68<\/td>\n<\/tr>\n<tr>\n<td style=\"width: 345.03125px;\">Ask our staff about our gluten-free beer<\/td>\n<td style=\"width: 22.984375px;\"><\/td>\n<\/tr>\n<tr>\n<td style=\"width: 345.03125px;\"><\/td>\n<td style=\"width: 22.984375px;\"><\/td>\n<\/tr>\n<\/tbody>\n<\/table>\n<table>\n<tbody>\n<tr>\n<td>\n<h2>CIDER<\/h2>\n<\/td>\n<td>95<\/td>\n<\/tr>\n<tr>\n<td><\/td>\n<td><\/td>\n<\/tr>\n<\/tbody>\n<\/table>\n<table>\n<tbody>\n<tr>\n<td>\n<h2>CZECH SPIRITS<\/h2>\n<\/td>\n<td><em>1cl<\/em><\/td>\n<\/tr>\n<tr>\n<td>Slivovice<\/td>\n<td>32<\/td>\n<\/tr>\n<tr>\n<td>Becherovka<\/td>\n<td>32<\/td>\n<\/tr>\n<tr>\n<td>Star\u00e1 Mysliveck\u00e1<\/td>\n<td>32<\/td>\n<\/tr>\n<tr>\n<td>Bo\u017ekov<\/td>\n<td>32<\/td>\n<\/tr>\n<tr>\n<td>Fernet Stock<\/td>\n<td>32<\/td>\n<\/tr>\n<\/tbody>\n<\/table>\n<table>\n<tbody>\n<tr>\n<td>\n<h2>SOFT DRINKS<\/h2>\n<\/td>\n<td><\/td>\n<\/tr>\n<tr>\n<td>Soda<\/td>\n<td>38<\/td>\n<\/tr>\n<tr>\n<td>Mineral water<\/td>\n<td>38<\/td>\n<\/tr>\n<\/tbody>\n<\/table>\n<table>\n<tbody>\n<tr>\n<td>\n<h2>HOUSE WINE<\/h2>\n<\/td>\n<td><\/td>\n<\/tr>\n<tr>\n<td>Glass<\/td>\n<td>95<\/td>\n<\/tr>\n<tr>\n<td>1\/2 bottle<\/td>\n<td>210<\/td>\n<\/tr>\n<tr>\n<td>1\/1 bottle<\/td>\n<td>330<\/td>\n<\/tr>\n<\/tbody>\n<\/table>\n<table>\n<tbody>\n<tr>\n<td>\n<h2>WHITE WINE<\/h2>\n<\/td>\n<td><\/td>\n<\/tr>\n<tr>\n<td>Sankt Anna &#8220;Pur Mineral&#8221;<br \/>\nRiesling, Germany<\/td>\n<td>430<\/td>\n<\/tr>\n<tr>\n<td>Salomon Undhof<br \/>\nGr\u00fcner Veltliner, Austria<\/td>\n<td>460<\/td>\n<\/tr>\n<tr>\n<td>Melacce Collemassari<br \/>\nVermentino, Italy<\/td>\n<td>420<\/td>\n<\/tr>\n<\/tbody>\n<\/table>\n<table>\n<tbody>\n<tr>\n<td>\n<h2>RED WINE<\/h2>\n<\/td>\n<td><\/td>\n<\/tr>\n<tr>\n<td>San Felice<br \/>\nChianti Classico<br \/>\nSangiovese, Italy<\/td>\n<td>465<\/td>\n<\/tr>\n<tr>\n<td>Franschhoek Cellar<br \/>\nPinotage, South Africa<\/td>\n<td>375<\/td>\n<\/tr>\n<tr>\n<td>Vina Albali Gran Reserva<br \/>\nTempranillo, Spain<\/td>\n<td>445<\/td>\n<\/tr>\n<\/tbody>\n<\/table>\n<table>\n<tbody>\n<tr>\n<td>\n<h2>SPARKLING WINE<\/h2>\n<\/td>\n<td><\/td>\n<\/tr>\n<tr>\n<td>L\u00b4Extra Par Langlois, Crem\u00e1nt France<\/td>\n<td>360<\/td>\n<\/tr>\n<tr>\n<td>Guldkula Champagne, France<\/td>\n<td>710<\/td>\n<\/tr>\n<\/tbody>\n<\/table>\n<table style=\"width: 100%;\">\n<tbody>\n<tr>\n<td style=\"width: 87.1428%;\">\n<h2>APERITIF<\/h2>\n<\/td>\n<td style=\"width: 11.9048%;\"><em>1cl<\/em><\/td>\n<\/tr>\n<tr>\n<td style=\"width: 87.1428%;\">Gammeldansk<\/td>\n<td style=\"width: 11.9048%;\">32<\/td>\n<\/tr>\n<tr>\n<td style=\"width: 87.1428%;\">Campari<\/td>\n<td style=\"width: 11.9048%;\">28<\/td>\n<\/tr>\n<tr>\n<td style=\"width: 87.1428%;\">Amaro Averna<\/td>\n<td style=\"width: 11.9048%;\">32<\/td>\n<\/tr>\n<tr>\n<td style=\"width: 87.1428%;\">J\u00e4germeister<\/td>\n<td style=\"width: 11.9048%;\">32<\/td>\n<\/tr>\n<\/tbody>\n<\/table>\n<table style=\"width: 99.942%;\">\n<tbody>\n<tr style=\"height: 75px;\">\n<td style=\"width: 88.2088%; height: 75px;\">\n<h2>SPIRITS<\/h2>\n<\/td>\n<td style=\"width: 109.91%; height: 75px;\"><em>1cl<\/em><\/td>\n<\/tr>\n<tr style=\"height: 24px;\">\n<td style=\"width: 88.2088%; height: 24px;\">Koskenkorva<\/td>\n<td style=\"width: 109.91%; height: 24px;\">32<\/td>\n<\/tr>\n<tr style=\"height: 24px;\">\n<td style=\"width: 88.2088%; height: 24px;\">Absolut Vodka<\/td>\n<td style=\"width: 109.91%; height: 24px;\">32<\/td>\n<\/tr>\n<tr style=\"height: 24.75px;\">\n<td style=\"width: 88.2088%; height: 24.75px;\">Aalborg<\/td>\n<td style=\"width: 109.91%; height: 24.75px;\">32<\/td>\n<\/tr>\n<tr style=\"height: 24px;\">\n<td style=\"width: 88.2088%; height: 24px;\">B\u00e4ska Droppar<\/td>\n<td style=\"width: 109.91%; height: 24px;\">32<\/td>\n<\/tr>\n<tr style=\"height: 24px;\">\n<td style=\"width: 88.2088%; height: 24px;\">O.P. Anderson<\/td>\n<td style=\"width: 109.91%; height: 24px;\">32<\/td>\n<\/tr>\n<tr style=\"height: 24px;\">\n<td style=\"width: 88.2088%; height: 24px;\">Tequila<\/td>\n<td style=\"width: 109.91%; height: 24px;\">32<\/td>\n<\/tr>\n<\/tbody>\n<\/table>\n<table style=\"width: 100%;\">\n<tbody>\n<tr>\n<td style=\"width: 87.619%;\">\n<h2>WHISKEY<\/h2>\n<\/td>\n<td style=\"width: 11.4286%;\"><em>1cl<\/em><\/td>\n<\/tr>\n<tr>\n<td style=\"width: 87.619%;\">Jameson<\/td>\n<td style=\"width: 11.4286%;\">32<\/td>\n<\/tr>\n<tr>\n<td style=\"width: 87.619%;\">Ballantine&#8217;s<\/td>\n<td style=\"width: 11.4286%;\">32<\/td>\n<\/tr>\n<tr>\n<td style=\"width: 87.619%;\">Glenfiddich<\/td>\n<td style=\"width: 11.4286%;\">34<\/td>\n<\/tr>\n<tr>\n<td style=\"width: 87.619%;\">Glenmorangie 10 years<\/td>\n<td style=\"width: 11.4286%;\">36<\/td>\n<\/tr>\n<tr>\n<td style=\"width: 87.619%;\">Dalwhinnie 15 years<\/td>\n<td style=\"width: 11.4286%;\">38<\/td>\n<\/tr>\n<tr>\n<td style=\"width: 87.619%;\">Highland Park 12 years<\/td>\n<td style=\"width: 11.4286%;\">36<\/td>\n<\/tr>\n<tr>\n<td style=\"width: 87.619%;\">Laphroaig 10 years<\/td>\n<td style=\"width: 11.4286%;\">36<\/td>\n<\/tr>\n<\/tbody>\n<\/table>\n<table>\n<tbody>\n<tr>\n<td>\n<h2>LIQUOR<\/h2>\n<\/td>\n<td><em>1cl<\/em><\/td>\n<\/tr>\n<tr>\n<td>Carlshamns Flaggpunch<\/td>\n<td>28<\/td>\n<\/tr>\n<tr>\n<td>Cointreau<\/td>\n<td>28<\/td>\n<\/tr>\n<tr>\n<td>B\u00e9n\u00e9dictine<\/td>\n<td>28<\/td>\n<\/tr>\n<tr>\n<td>Drambuie<\/td>\n<td>28<\/td>\n<\/tr>\n<tr>\n<td>Baileys<\/td>\n<td>28<\/td>\n<\/tr>\n<tr>\n<td>Rom Havana Club<\/td>\n<td>32<\/td>\n<\/tr>\n<tr>\n<td>Calvados Boulard<\/td>\n<td>34<\/td>\n<\/tr>\n<tr>\n<td>Gr\u00f6nstedts Monopol<\/td>\n<td>36<\/td>\n<\/tr>\n<tr>\n<td>Gr\u00f6nstedts Extra<\/td>\n<td>38<\/td>\n<\/tr>\n<tr>\n<td>Renault<\/td>\n<td>42<\/td>\n<\/tr>\n<\/tbody>\n<\/table>\n<table>\n<tbody>\n<tr>\n<td>\n<h2>COFFEE DRINKS<\/h2>\n<\/td>\n<td><em>4cl<\/em><\/td>\n<\/tr>\n<tr>\n<td>Irish Coffee<\/td>\n<td>135<\/td>\n<\/tr>\n<tr>\n<td>Caf\u00e9 B\u00e9n\u00e9dictine<\/td>\n<td>135<\/td>\n<\/tr>\n<tr>\n<td><\/td>\n<td><\/td>\n<\/tr>\n<tr>\n<td>Coffee<\/td>\n<td>38<\/td>\n<\/tr>\n<tr>\n<td>Single espresso<\/td>\n<td>40<\/td>\n<\/tr>\n<tr>\n<td>Double espresso<\/td>\n<td>45<\/td>\n<\/tr>\n<tr>\n<td>Cappucino<\/td>\n<td>47<\/td>\n<\/tr>\n<tr>\n<td>Caff\u00e8 latte<\/td>\n<td>47<\/td>\n<\/tr>\n<\/tbody>\n<\/table>\n<p><a class=\"topplink\" href=\"#top\"><img loading=\"lazy\" decoding=\"async\" class=\"aligncenter size-full wp-image-4433\" src=\"http:\/\/svejk.se\/wp-content\/uploads\/pil.png\" alt=\"Back to top\" width=\"15\" height=\"15\" \/><\/a><\/p>\n","protected":false},"excerpt":{"rendered":"<p>CZECH BEER ON TAP 0,5l Bernard light, unpasteurised 94 Bernard dark, unpasteurised 94 Prim\u00e1tor semi-dark 94 Prim\u00e1tor light, unfiltered 94 Svijansk\u00fd Ryt\u00ed\u0159 light, unpasteurised 96 Pilsner Urquell unpasteurised, unfiltered 96 Gambrinus light, unpasteurised 94 BOTTLED BEER Non-alcoholic beer 33cl 68 Ask our staff about our gluten-free beer CIDER 95 CZECH SPIRITS 1cl Slivovice 32 Becherovka [&hellip;]<\/p>\n","protected":false},"author":1,"featured_media":0,"parent":0,"menu_order":0,"comment_status":"closed","ping_status":"closed","template":"","meta":{"footnotes":""},"class_list":["post-4306","page","type-page","status-publish","hentry"],"_links":{"self":[{"href":"https:\/\/svejk.se\/en\/wp-json\/wp\/v2\/pages\/4306","targetHints":{"allow":["GET"]}}],"collection":[{"href":"https:\/\/svejk.se\/en\/wp-json\/wp\/v2\/pages"}],"about":[{"href":"https:\/\/svejk.se\/en\/wp-json\/wp\/v2\/types\/page"}],"author":[{"embeddable":true,"href":"https:\/\/svejk.se\/en\/wp-json\/wp\/v2\/users\/1"}],"replies":[{"embeddable":true,"href":"https:\/\/svejk.se\/en\/wp-json\/wp\/v2\/comments?post=4306"}],"version-history":[{"count":9,"href":"https:\/\/svejk.se\/en\/wp-json\/wp\/v2\/pages\/4306\/revisions"}],"predecessor-version":[{"id":4882,"href":"https:\/\/svejk.se\/en\/wp-json\/wp\/v2\/pages\/4306\/revisions\/4882"}],"wp:attachment":[{"href":"https:\/\/svejk.se\/en\/wp-json\/wp\/v2\/media?parent=4306"}],"curies":[{"name":"wp","href":"https:\/\/api.w.org\/{rel}","templated":true}]}}