{"id":4300,"date":"2015-06-21T19:53:08","date_gmt":"2015-06-21T17:53:08","guid":{"rendered":"http:\/\/www.malinkarlsson.com\/develop1\/?page_id=4300"},"modified":"2026-01-13T17:24:23","modified_gmt":"2026-01-13T16:24:23","slug":"contact","status":"publish","type":"page","link":"http:\/\/svejk.se\/en\/contact\/","title":{"rendered":"Contact"},"content":{"rendered":"<h2>KROGEN SOLDATEN \u0160VEJK<\/h2>\n<p>Welcome to visit us at \u00d6stg\u00f6tagatan 35.<\/p>\n<h3>HOW TO FIND US<\/h3>\n<p>We are located just a few minutes walk from Medborgarplatsens Metro station. <strong><a href=\"https:\/\/www.google.se\/maps\/place\/Krogen+Soldaten+Svejk\/@59.314379,18.076699,17z\/data=!3m1!4b1!4m2!3m1!1s0x465f77fa16aeb81b:0xeff14ea31884f688\" target=\"_blank\" rel=\"noopener noreferrer\">Directions<\/a>.<\/strong><br \/>\n<img loading=\"lazy\" decoding=\"async\" class=\"alignnone size-full wp-image-4263\" style=\"margin-top: 20px;\" src=\"http:\/\/svejk.se\/wp-content\/uploads\/kartan.png\" alt=\"kartan\" width=\"331\" height=\"195\" srcset=\"http:\/\/svejk.se\/wp-content\/uploads\/kartan.png 331w, http:\/\/svejk.se\/wp-content\/uploads\/kartan-169x100.png 169w\" sizes=\"auto, (max-width: 331px) 100vw, 331px\" \/><\/p>\n<h3>CONTACT<\/h3>\n<p>\u00d6stg\u00f6tagatan 35, 116 25 Stockholm<br \/>\nE-mail: <a class=\"antispam\" href=\"ma&#105;lt&#111;&#58;&#105;&#110;fo&#64;&#115;&#118;&#101;&#106;k.se\">&#105;n&#102;o&#64;&#115;v&#101;&#106;k.&#115;e<\/a><\/p>\n<p>We do not take table reservations.<\/p>\n<div class=\"openinghours\">\n<h2>OPENING HOURS<\/h2>\n<p>Sunday-Thursday: 16.00-23.00<br \/>\nFriday: 16.00-24.00<br \/>\nSaturday: 15.00-24.00<\/p>\n<\/div>\n<h3>THE WEBSITE<\/h3>\n<p>Design by <a href=\"http:\/\/decorusdesign.se\/\" target=\"_blank\" rel=\"noopener noreferrer\">Decorus Design<\/a>, construction by <a href=\"http:\/\/webbmalin.se\/\" target=\"_blank\" rel=\"noopener noreferrer\">WebbMalin<\/a>.<\/p>\n<p>Text: Bosse Brink.<\/p>\n","protected":false},"excerpt":{"rendered":"<p>KROGEN SOLDATEN \u0160VEJK Welcome to visit us at \u00d6stg\u00f6tagatan 35. HOW TO FIND US We are located just a few minutes walk from Medborgarplatsens Metro station. Directions. CONTACT \u00d6stg\u00f6tagatan 35, 116 25 Stockholm E-mail: We do not take table reservations. OPENING HOURS Sunday-Thursday: 16.00-23.00 Friday: 16.00-24.00 Saturday: 15.00-24.00 THE WEBSITE Design by Decorus Design, construction [&hellip;]<\/p>\n","protected":false},"author":1,"featured_media":4301,"parent":0,"menu_order":0,"comment_status":"open","ping_status":"closed","template":"","meta":{"footnotes":""},"class_list":["post-4300","page","type-page","status-publish","has-post-thumbnail","hentry"],"_links":{"self":[{"href":"http:\/\/svejk.se\/en\/wp-json\/wp\/v2\/pages\/4300","targetHints":{"allow":["GET"]}}],"collection":[{"href":"http:\/\/svejk.se\/en\/wp-json\/wp\/v2\/pages"}],"about":[{"href":"http:\/\/svejk.se\/en\/wp-json\/wp\/v2\/types\/page"}],"author":[{"embeddable":true,"href":"http:\/\/svejk.se\/en\/wp-json\/wp\/v2\/users\/1"}],"replies":[{"embeddable":true,"href":"http:\/\/svejk.se\/en\/wp-json\/wp\/v2\/comments?post=4300"}],"version-history":[{"count":11,"href":"http:\/\/svejk.se\/en\/wp-json\/wp\/v2\/pages\/4300\/revisions"}],"predecessor-version":[{"id":4905,"href":"http:\/\/svejk.se\/en\/wp-json\/wp\/v2\/pages\/4300\/revisions\/4905"}],"wp:featuredmedia":[{"embeddable":true,"href":"http:\/\/svejk.se\/en\/wp-json\/wp\/v2\/media\/4301"}],"wp:attachment":[{"href":"http:\/\/svejk.se\/en\/wp-json\/wp\/v2\/media?parent=4300"}],"curies":[{"name":"wp","href":"https:\/\/api.w.org\/{rel}","templated":true}]}}